{"id":53,"date":"2021-03-25T10:10:46","date_gmt":"2021-03-25T10:10:46","guid":{"rendered":"https:\/\/k23410.kufnet.at\/?page_id=53"},"modified":"2021-06-15T07:37:44","modified_gmt":"2021-06-15T07:37:44","slug":"ueber-mich","status":"publish","type":"page","link":"https:\/\/buechervielfalt.net\/index.php\/ueber-mich\/","title":{"rendered":"\u00dcber mich"},"content":{"rendered":"\n<figure class=\"wp-block-image size-large is-resized\"><img loading=\"lazy\" decoding=\"async\" src=\"https:\/\/buechervielfalt.net\/wp-content\/uploads\/2021\/06\/Ueber_michWeb-2.jpg\" alt=\"\" class=\"wp-image-906\" width=\"427\" height=\"196\" srcset=\"https:\/\/buechervielfalt.net\/wp-content\/uploads\/2021\/06\/Ueber_michWeb-2.jpg 600w, https:\/\/buechervielfalt.net\/wp-content\/uploads\/2021\/06\/Ueber_michWeb-2-300x138.jpg 300w\" sizes=\"auto, (max-width: 427px) 100vw, 427px\" \/><\/figure>\n\n\n\n<p>Ich hei\u00dfe Eva Novosel und habe 2016 durch Zufall das B\u00fccherfalten entdeckt. Dabei wird jede einzelne Buchseite nach einer Vorlage geschnitten und gefaltet, sodass im Buchschnitt ein Motiv entsteht. Diese Arbeit erfordert eine sehr hohe Genauigkeit, viel Geduld und Zeit sowie Liebe zum Detail.<\/p>\n\n\n\n<p>Durch Recherchen im Internet und einige Versuche konnte ich mir die g\u00e4ngigsten Techniken selbst beibringen und habe mein Wissen und K\u00f6nnen im Laufe der Zeit weiter vergr\u00f6\u00dfert und verbessert. Nachdem&nbsp; immer mehr Anfragen f\u00fcr Auftr\u00e4ge bei mir eintrafen und Leute ein gefaltetes Buch bei mir kaufen wollten, beschloss ich 2017 ein entsprechendes Gewerbe anzumelden, um meine Werke offiziell verkaufen zu k\u00f6nnen. Ich habe also mein Hobby zum Beruf gemacht und freue mich, dass ich die meisten meiner Abende faltend verbringen darf, um tolle gefaltete B\u00fccher f\u00fcr Menschen zu zaubern, die die Besonderheit eines individuellen, in liebevoller Handarbeit hergestellten Geschenkes sch\u00e4tzen!<\/p>\n\n\n\n<div class=\"wp-block-image\"><figure class=\"aligncenter size-large\"><img loading=\"lazy\" decoding=\"async\" width=\"500\" height=\"278\" src=\"https:\/\/buechervielfalt.net\/wp-content\/uploads\/2021\/03\/BuechervielFALT-1-e1616535865332.jpg\" alt=\"\" class=\"wp-image-76\"\/><\/figure><\/div>\n","protected":false},"excerpt":{"rendered":"<p>Ich hei\u00dfe Eva Novosel und habe 2016 durch Zufall das B\u00fccherfalten entdeckt. Dabei wird jede einzelne Buchseite nach einer Vorlage geschnitten und gefaltet, sodass im Buchschnitt ein Motiv entsteht. Diese Arbeit erfordert eine sehr hohe Genauigkeit, viel Geduld und Zeit sowie Liebe zum Detail. Durch Recherchen im Internet und einige Versuche konnte ich mir die&hellip;&nbsp;<a href=\"https:\/\/buechervielfalt.net\/index.php\/ueber-mich\/\" class=\"\" rel=\"bookmark\">Weiterlesen &raquo;<span class=\"screen-reader-text\">\u00dcber mich<\/span><\/a><\/p>\n","protected":false},"author":1,"featured_media":76,"parent":0,"menu_order":0,"comment_status":"closed","ping_status":"closed","template":"","meta":{"neve_meta_sidebar":"","neve_meta_container":"","neve_meta_enable_content_width":"","neve_meta_content_width":0,"neve_meta_title_alignment":"","neve_meta_author_avatar":"","neve_post_elements_order":"","neve_meta_disable_header":"","neve_meta_disable_footer":"","neve_meta_disable_title":"","ngg_post_thumbnail":0,"footnotes":""},"class_list":["post-53","page","type-page","status-publish","has-post-thumbnail","hentry"],"_links":{"self":[{"href":"https:\/\/buechervielfalt.net\/index.php\/wp-json\/wp\/v2\/pages\/53","targetHints":{"allow":["GET"]}}],"collection":[{"href":"https:\/\/buechervielfalt.net\/index.php\/wp-json\/wp\/v2\/pages"}],"about":[{"href":"https:\/\/buechervielfalt.net\/index.php\/wp-json\/wp\/v2\/types\/page"}],"author":[{"embeddable":true,"href":"https:\/\/buechervielfalt.net\/index.php\/wp-json\/wp\/v2\/users\/1"}],"replies":[{"embeddable":true,"href":"https:\/\/buechervielfalt.net\/index.php\/wp-json\/wp\/v2\/comments?post=53"}],"version-history":[{"count":5,"href":"https:\/\/buechervielfalt.net\/index.php\/wp-json\/wp\/v2\/pages\/53\/revisions"}],"predecessor-version":[{"id":914,"href":"https:\/\/buechervielfalt.net\/index.php\/wp-json\/wp\/v2\/pages\/53\/revisions\/914"}],"wp:featuredmedia":[{"embeddable":true,"href":"https:\/\/buechervielfalt.net\/index.php\/wp-json\/wp\/v2\/media\/76"}],"wp:attachment":[{"href":"https:\/\/buechervielfalt.net\/index.php\/wp-json\/wp\/v2\/media?parent=53"}],"curies":[{"name":"wp","href":"https:\/\/api.w.org\/{rel}","templated":true}]}}