{"id":57,"date":"2021-03-25T10:10:17","date_gmt":"2021-03-25T10:10:17","guid":{"rendered":"https:\/\/k23410.kufnet.at\/?page_id=57"},"modified":"2021-11-10T10:22:31","modified_gmt":"2021-11-10T10:22:31","slug":"versand-lieferzeiten","status":"publish","type":"page","link":"https:\/\/buechervielfalt.net\/index.php\/versand-lieferzeiten\/","title":{"rendered":"Versand &#038; Lieferzeiten"},"content":{"rendered":"\n<figure class=\"wp-block-image size-large is-resized\"><img loading=\"lazy\" decoding=\"async\" src=\"https:\/\/buechervielfalt.net\/wp-content\/uploads\/2021\/11\/VersandLieferzeitenWeb-1024x452.jpg\" alt=\"\" class=\"wp-image-998\" width=\"428\" height=\"200\"\/><\/figure>\n\n\n\n<h2 class=\"wp-block-heading\">Versand<\/h2>\n\n\n\n<p>Falls dir der Weg zu mir nach Kufstein zu weit ist, gibt es die M\u00f6glichkeit, sich das gefaltete Buch einfach per Post schicken zu lassen. Der Versand<strong> innerhalb \u00d6sterreichs<\/strong>&nbsp;ist <strong>kostenlos<\/strong> bzw.&nbsp;betr\u00e4gt <strong>\u20ac 5,\u2013 nach Deutschland<\/strong>. (Falls du ganz woanders herkommst, kann ich mich gerne \u00fcber die Tarife der Post dorthin schlau machen.) Das Paket ist dann versichert und du bekommst von mir die Sendungsnummer mitgeteilt, damit du sehen kannst, wann das Buch bei dir eintrifft.<\/p>\n\n\n\n<h2 class=\"wp-block-heading\">Lieferzeiten<\/h2>\n\n\n\n<p>So ein gefaltetes Buch l\u00e4sst sich nicht in ein paar Minuten aus dem \u00c4rmel sch\u00fctteln. Ich brauche viele Stunden reine Faltzeit, um ein Werk zu vollenden und da ich auch noch zwei Kinder und einen Haushalt zu managen habe, dauert es einige Tage, bis ein Buch fertig gefaltet ist. Je nach Auftragslage kann es auch mal ein paar Wochen dauern. Je fr\u00fcher du also ein Buch bestellst, desto besser! Ich bin zwar bem\u00fcht, keine Auftr\u00e4ge abzulehnen und kann auch mal spontan einen Auftrag \u201ereinquetschen\u201c, lieber w\u00e4re mir aber dennoch eine Vorlaufzeit von ca. 3 Wochen. Dankesch\u00f6n!<\/p>\n","protected":false},"excerpt":{"rendered":"<p>Versand Falls dir der Weg zu mir nach Kufstein zu weit ist, gibt es die M\u00f6glichkeit, sich das gefaltete Buch einfach per Post schicken zu lassen. Der Versand innerhalb \u00d6sterreichs&nbsp;ist kostenlos bzw.&nbsp;betr\u00e4gt \u20ac 5,\u2013 nach Deutschland. (Falls du ganz woanders herkommst, kann ich mich gerne \u00fcber die Tarife der Post dorthin schlau machen.) Das Paket&hellip;&nbsp;<a href=\"https:\/\/buechervielfalt.net\/index.php\/versand-lieferzeiten\/\" class=\"\" rel=\"bookmark\">Weiterlesen &raquo;<span class=\"screen-reader-text\">Versand &#038; Lieferzeiten<\/span><\/a><\/p>\n","protected":false},"author":1,"featured_media":0,"parent":0,"menu_order":0,"comment_status":"closed","ping_status":"closed","template":"","meta":{"neve_meta_sidebar":"","neve_meta_container":"","neve_meta_enable_content_width":"","neve_meta_content_width":0,"neve_meta_title_alignment":"","neve_meta_author_avatar":"","neve_post_elements_order":"","neve_meta_disable_header":"","neve_meta_disable_footer":"","neve_meta_disable_title":"","ngg_post_thumbnail":0,"footnotes":""},"class_list":["post-57","page","type-page","status-publish","hentry"],"_links":{"self":[{"href":"https:\/\/buechervielfalt.net\/index.php\/wp-json\/wp\/v2\/pages\/57","targetHints":{"allow":["GET"]}}],"collection":[{"href":"https:\/\/buechervielfalt.net\/index.php\/wp-json\/wp\/v2\/pages"}],"about":[{"href":"https:\/\/buechervielfalt.net\/index.php\/wp-json\/wp\/v2\/types\/page"}],"author":[{"embeddable":true,"href":"https:\/\/buechervielfalt.net\/index.php\/wp-json\/wp\/v2\/users\/1"}],"replies":[{"embeddable":true,"href":"https:\/\/buechervielfalt.net\/index.php\/wp-json\/wp\/v2\/comments?post=57"}],"version-history":[{"count":13,"href":"https:\/\/buechervielfalt.net\/index.php\/wp-json\/wp\/v2\/pages\/57\/revisions"}],"predecessor-version":[{"id":1001,"href":"https:\/\/buechervielfalt.net\/index.php\/wp-json\/wp\/v2\/pages\/57\/revisions\/1001"}],"wp:attachment":[{"href":"https:\/\/buechervielfalt.net\/index.php\/wp-json\/wp\/v2\/media?parent=57"}],"curies":[{"name":"wp","href":"https:\/\/api.w.org\/{rel}","templated":true}]}}