{"id":59,"date":"2021-03-25T10:10:35","date_gmt":"2021-03-25T10:10:35","guid":{"rendered":"https:\/\/k23410.kufnet.at\/?page_id=59"},"modified":"2021-11-10T10:22:16","modified_gmt":"2021-11-10T10:22:16","slug":"online-shop","status":"publish","type":"page","link":"https:\/\/buechervielfalt.net\/index.php\/online-shop\/","title":{"rendered":"Online Shop"},"content":{"rendered":"\n<figure class=\"wp-block-image size-large is-resized\"><img loading=\"lazy\" decoding=\"async\" src=\"https:\/\/buechervielfalt.net\/wp-content\/uploads\/2021\/06\/OnlineShopWeb-2.jpg\" alt=\"\" class=\"wp-image-905\" width=\"427\" height=\"162\" srcset=\"https:\/\/buechervielfalt.net\/wp-content\/uploads\/2021\/06\/OnlineShopWeb-2.jpg 600w, https:\/\/buechervielfalt.net\/wp-content\/uploads\/2021\/06\/OnlineShopWeb-2-300x114.jpg 300w\" sizes=\"auto, (max-width: 427px) 100vw, 427px\" \/><\/figure>\n\n\n\n<p>Um eine ungef\u00e4hre Vorstellung zu bekommen, was meine B\u00fccher kosten, sind hier die beliebtesten meiner Werke inklusive Preis zu sehen. <\/p>\n\n\n\n<p class=\"has-text-align-left\">Wenn dir ein Buch aus der Galerie besonders gut gef\u00e4llt, das hier im Shop nicht aufgelistet ist, dann schick mir gerne eine Nachricht und ich gebe dir n\u00e4here Ausk\u00fcnfte \u00fcber die Kosten.<\/p>\n\n\n\n<p>Selbstverst\u00e4ndlich kann ich f\u00fcr dich auch ein individuelles Buch zaubern. Der Preis richtet sich dann nach der ben\u00f6tigten Seitenzahl und wie aufw\u00e4ndig bzw. detailliert das gew\u00fcnschte Motiv ist. <\/p>\n\n\n\n<h2 class=\"wp-block-heading\">Weihnachten<\/h2>\n\n\n\n<figure class=\"wp-block-gallery columns-3 is-cropped wp-block-gallery-1 is-layout-flex wp-block-gallery-is-layout-flex\"><ul class=\"blocks-gallery-grid\"><li class=\"blocks-gallery-item\"><figure><img loading=\"lazy\" decoding=\"async\" width=\"518\" height=\"658\" src=\"https:\/\/buechervielfalt.net\/wp-content\/uploads\/2021\/11\/gefaltetes_buch_adventskerzen_led.jpg\" alt=\"\" data-id=\"955\" data-full-url=\"https:\/\/buechervielfalt.net\/wp-content\/uploads\/2021\/11\/gefaltetes_buch_adventskerzen_led.jpg\" data-link=\"https:\/\/buechervielfalt.net\/index.php\/online-shop\/gefaltetes_buch_adventskerzen_led\/\" class=\"wp-image-955\" srcset=\"https:\/\/buechervielfalt.net\/wp-content\/uploads\/2021\/11\/gefaltetes_buch_adventskerzen_led.jpg 518w, https:\/\/buechervielfalt.net\/wp-content\/uploads\/2021\/11\/gefaltetes_buch_adventskerzen_led-236x300.jpg 236w\" sizes=\"auto, (max-width: 518px) 100vw, 518px\" \/><figcaption class=\"blocks-gallery-item__caption\">Adventskranz \u20ac 80,-<\/figcaption><\/figure><\/li><li class=\"blocks-gallery-item\"><figure><img loading=\"lazy\" decoding=\"async\" width=\"687\" height=\"834\" src=\"https:\/\/buechervielfalt.net\/wp-content\/uploads\/2021\/11\/gefaltetes_buch_krippe_schlicht.jpg\" alt=\"\" data-id=\"957\" data-full-url=\"https:\/\/buechervielfalt.net\/wp-content\/uploads\/2021\/11\/gefaltetes_buch_krippe_schlicht.jpg\" data-link=\"https:\/\/buechervielfalt.net\/index.php\/online-shop\/gefaltetes_buch_krippe_schlicht\/\" class=\"wp-image-957\" srcset=\"https:\/\/buechervielfalt.net\/wp-content\/uploads\/2021\/11\/gefaltetes_buch_krippe_schlicht.jpg 687w, https:\/\/buechervielfalt.net\/wp-content\/uploads\/2021\/11\/gefaltetes_buch_krippe_schlicht-247x300.jpg 247w\" sizes=\"auto, (max-width: 687px) 100vw, 687px\" \/><figcaption class=\"blocks-gallery-item__caption\">Krippe \u20ac 40,-<\/figcaption><\/figure><\/li><li class=\"blocks-gallery-item\"><figure><img loading=\"lazy\" decoding=\"async\" width=\"602\" height=\"736\" src=\"https:\/\/buechervielfalt.net\/wp-content\/uploads\/2021\/11\/gefaltetes_buch_krippe_led.jpg\" alt=\"\" data-id=\"956\" data-full-url=\"https:\/\/buechervielfalt.net\/wp-content\/uploads\/2021\/11\/gefaltetes_buch_krippe_led.jpg\" data-link=\"https:\/\/buechervielfalt.net\/index.php\/online-shop\/gefaltetes_buch_krippe_led\/\" class=\"wp-image-956\" srcset=\"https:\/\/buechervielfalt.net\/wp-content\/uploads\/2021\/11\/gefaltetes_buch_krippe_led.jpg 602w, https:\/\/buechervielfalt.net\/wp-content\/uploads\/2021\/11\/gefaltetes_buch_krippe_led-245x300.jpg 245w\" sizes=\"auto, (max-width: 602px) 100vw, 602px\" \/><figcaption class=\"blocks-gallery-item__caption\">Krippe mit Licht \u20ac 55,-<\/figcaption><\/figure><\/li><\/ul><\/figure>\n\n\n\n<div class=\"wp-block-buttons is-content-justification-center is-layout-flex wp-block-buttons-is-layout-flex\">\n<div class=\"wp-block-button is-style-secondary\"><a class=\"wp-block-button__link\" href=\"https:\/\/buechervielfalt.net\/index.php\/kontakt\/\" target=\"_blank\" rel=\"noreferrer noopener\"><span class=\"has-inline-color has-nv-site-bg-color\">ich m\u00f6chte ein Buch Kaufen<\/span><\/a><\/div>\n<\/div>\n\n\n\n<h2 class=\"wp-block-heading\">Hochzeit<\/h2>\n\n\n\n<div class=\"wp-block-group\"><div class=\"wp-block-group__inner-container is-layout-flow wp-block-group-is-layout-flow\">\n<figure class=\"wp-block-gallery columns-3 is-cropped wp-block-gallery-2 is-layout-flex wp-block-gallery-is-layout-flex\"><ul class=\"blocks-gallery-grid\"><li class=\"blocks-gallery-item\"><figure><img loading=\"lazy\" decoding=\"async\" width=\"675\" height=\"900\" src=\"https:\/\/buechervielfalt.net\/wp-content\/uploads\/2021\/11\/gefaltetes_buch_hochzeitsherz_classic_brautpaar_verschlungene_ringe.jpg\" alt=\"\" data-id=\"966\" data-full-url=\"https:\/\/buechervielfalt.net\/wp-content\/uploads\/2021\/11\/gefaltetes_buch_hochzeitsherz_classic_brautpaar_verschlungene_ringe.jpg\" data-link=\"https:\/\/buechervielfalt.net\/index.php\/online-shop\/gefaltetes_buch_hochzeitsherz_classic_brautpaar_verschlungene_ringe\/\" class=\"wp-image-966\" srcset=\"https:\/\/buechervielfalt.net\/wp-content\/uploads\/2021\/11\/gefaltetes_buch_hochzeitsherz_classic_brautpaar_verschlungene_ringe.jpg 675w, https:\/\/buechervielfalt.net\/wp-content\/uploads\/2021\/11\/gefaltetes_buch_hochzeitsherz_classic_brautpaar_verschlungene_ringe-225x300.jpg 225w\" sizes=\"auto, (max-width: 675px) 100vw, 675px\" \/><figcaption class=\"blocks-gallery-item__caption\">Hochzeitsherz classic \u20ac 75,-<\/figcaption><\/figure><\/li><li class=\"blocks-gallery-item\"><figure><img loading=\"lazy\" decoding=\"async\" width=\"664\" height=\"799\" src=\"https:\/\/buechervielfalt.net\/wp-content\/uploads\/2021\/11\/gefaltetes_buch_geschwungene_hochzeitsherzen_verschlungene_ringe_geschenk.jpg\" alt=\"\" data-id=\"962\" data-full-url=\"https:\/\/buechervielfalt.net\/wp-content\/uploads\/2021\/11\/gefaltetes_buch_geschwungene_hochzeitsherzen_verschlungene_ringe_geschenk.jpg\" data-link=\"https:\/\/buechervielfalt.net\/index.php\/online-shop\/gefaltetes_buch_geschwungene_hochzeitsherzen_verschlungene_ringe_geschenk\/\" class=\"wp-image-962\" srcset=\"https:\/\/buechervielfalt.net\/wp-content\/uploads\/2021\/11\/gefaltetes_buch_geschwungene_hochzeitsherzen_verschlungene_ringe_geschenk.jpg 664w, https:\/\/buechervielfalt.net\/wp-content\/uploads\/2021\/11\/gefaltetes_buch_geschwungene_hochzeitsherzen_verschlungene_ringe_geschenk-249x300.jpg 249w\" sizes=\"auto, (max-width: 664px) 100vw, 664px\" \/><figcaption class=\"blocks-gallery-item__caption\">geschwungenes Hochzeitsherz \u20ac 80,-<\/figcaption><\/figure><\/li><li class=\"blocks-gallery-item\"><figure><img loading=\"lazy\" decoding=\"async\" width=\"707\" height=\"942\" src=\"https:\/\/buechervielfalt.net\/wp-content\/uploads\/2021\/11\/gefaltetes_buch_hochzeit_ja_geschenk.jpg\" alt=\"\" data-id=\"964\" data-full-url=\"https:\/\/buechervielfalt.net\/wp-content\/uploads\/2021\/11\/gefaltetes_buch_hochzeit_ja_geschenk.jpg\" data-link=\"https:\/\/buechervielfalt.net\/index.php\/online-shop\/gefaltetes_buch_hochzeit_ja_geschenk\/\" class=\"wp-image-964\" srcset=\"https:\/\/buechervielfalt.net\/wp-content\/uploads\/2021\/11\/gefaltetes_buch_hochzeit_ja_geschenk.jpg 707w, https:\/\/buechervielfalt.net\/wp-content\/uploads\/2021\/11\/gefaltetes_buch_hochzeit_ja_geschenk-225x300.jpg 225w\" sizes=\"auto, (max-width: 707px) 100vw, 707px\" \/><figcaption class=\"blocks-gallery-item__caption\">Ja! Hochzeitsbuch \u20ac 80,-<\/figcaption><\/figure><\/li><\/ul><\/figure>\n<\/div><\/div>\n\n\n\n<div class=\"wp-block-buttons is-content-justification-center is-layout-flex wp-block-buttons-is-layout-flex\">\n<div class=\"wp-block-button is-style-secondary\"><a class=\"wp-block-button__link\" href=\"https:\/\/buechervielfalt.net\/index.php\/kontakt\/\" target=\"_blank\" rel=\"noreferrer noopener\">Ich m\u00f6chte ein buch kaufen<\/a><\/div>\n<\/div>\n\n\n\n<div class=\"wp-block-buttons is-layout-flex wp-block-buttons-is-layout-flex\"><\/div>\n\n\n\n<h2 class=\"wp-block-heading\">Geburt<\/h2>\n\n\n\n<figure class=\"wp-block-gallery columns-3 is-cropped wp-block-gallery-3 is-layout-flex wp-block-gallery-is-layout-flex\"><ul class=\"blocks-gallery-grid\"><li class=\"blocks-gallery-item\"><figure><img loading=\"lazy\" decoding=\"async\" width=\"691\" height=\"819\" src=\"https:\/\/buechervielfalt.net\/wp-content\/uploads\/2021\/11\/gefaltetes_buch_babyfuss_herz_geschenk_geburt.jpg\" alt=\"\" data-id=\"976\" data-full-url=\"https:\/\/buechervielfalt.net\/wp-content\/uploads\/2021\/11\/gefaltetes_buch_babyfuss_herz_geschenk_geburt.jpg\" data-link=\"https:\/\/buechervielfalt.net\/index.php\/online-shop\/gefaltetes_buch_babyfuss_herz_geschenk_geburt\/\" class=\"wp-image-976\" srcset=\"https:\/\/buechervielfalt.net\/wp-content\/uploads\/2021\/11\/gefaltetes_buch_babyfuss_herz_geschenk_geburt.jpg 691w, https:\/\/buechervielfalt.net\/wp-content\/uploads\/2021\/11\/gefaltetes_buch_babyfuss_herz_geschenk_geburt-253x300.jpg 253w\" sizes=\"auto, (max-width: 691px) 100vw, 691px\" \/><figcaption class=\"blocks-gallery-item__caption\">Herz mit Babyfu\u00df \u20ac 65,-<\/figcaption><\/figure><\/li><li class=\"blocks-gallery-item\"><figure><img loading=\"lazy\" decoding=\"async\" width=\"600\" height=\"774\" src=\"https:\/\/buechervielfalt.net\/wp-content\/uploads\/2021\/11\/gefaltetes_buch_teddy_geschenk_geburt_geburtsdaten.jpg\" alt=\"\" data-id=\"980\" data-full-url=\"https:\/\/buechervielfalt.net\/wp-content\/uploads\/2021\/11\/gefaltetes_buch_teddy_geschenk_geburt_geburtsdaten.jpg\" data-link=\"https:\/\/buechervielfalt.net\/index.php\/online-shop\/gefaltetes_buch_teddy_geschenk_geburt_geburtsdaten\/\" class=\"wp-image-980\" srcset=\"https:\/\/buechervielfalt.net\/wp-content\/uploads\/2021\/11\/gefaltetes_buch_teddy_geschenk_geburt_geburtsdaten.jpg 600w, https:\/\/buechervielfalt.net\/wp-content\/uploads\/2021\/11\/gefaltetes_buch_teddy_geschenk_geburt_geburtsdaten-233x300.jpg 233w\" sizes=\"auto, (max-width: 600px) 100vw, 600px\" \/><figcaption class=\"blocks-gallery-item__caption\">Teddyb\u00e4r \u20ac 100,-<\/figcaption><\/figure><\/li><li class=\"blocks-gallery-item\"><figure><img loading=\"lazy\" decoding=\"async\" width=\"701\" height=\"869\" src=\"https:\/\/buechervielfalt.net\/wp-content\/uploads\/2021\/11\/gefaltetes_buch_geburt_liebe_geborgenheit_glueck.jpg\" alt=\"\" data-id=\"978\" data-full-url=\"https:\/\/buechervielfalt.net\/wp-content\/uploads\/2021\/11\/gefaltetes_buch_geburt_liebe_geborgenheit_glueck.jpg\" data-link=\"https:\/\/buechervielfalt.net\/index.php\/online-shop\/gefaltetes_buch_geburt_liebe_geborgenheit_glueck\/\" class=\"wp-image-978\" srcset=\"https:\/\/buechervielfalt.net\/wp-content\/uploads\/2021\/11\/gefaltetes_buch_geburt_liebe_geborgenheit_glueck.jpg 701w, https:\/\/buechervielfalt.net\/wp-content\/uploads\/2021\/11\/gefaltetes_buch_geburt_liebe_geborgenheit_glueck-242x300.jpg 242w\" sizes=\"auto, (max-width: 701px) 100vw, 701px\" \/><figcaption class=\"blocks-gallery-item__caption\">Geborgenheit \u20ac 80,-<\/figcaption><\/figure><\/li><\/ul><\/figure>\n\n\n\n<div class=\"wp-block-buttons is-content-justification-center is-layout-flex wp-block-buttons-is-layout-flex\">\n<div class=\"wp-block-button is-style-secondary\"><a class=\"wp-block-button__link\" href=\"https:\/\/buechervielfalt.net\/index.php\/kontakt\/\" target=\"_blank\" rel=\"noreferrer noopener\">ich m\u00f6chte ein buch kaufen<\/a><\/div>\n<\/div>\n\n\n\n<h2 class=\"wp-block-heading\">Geburtstag<\/h2>\n\n\n\n<figure class=\"wp-block-gallery columns-3 is-cropped wp-block-gallery-4 is-layout-flex wp-block-gallery-is-layout-flex\"><ul class=\"blocks-gallery-grid\"><li class=\"blocks-gallery-item\"><figure><img loading=\"lazy\" decoding=\"async\" width=\"707\" height=\"824\" src=\"https:\/\/buechervielfalt.net\/wp-content\/uploads\/2021\/11\/gefaltetes_buch_alles_gute_herz_blume_mama.jpg\" alt=\"\" data-id=\"983\" data-full-url=\"https:\/\/buechervielfalt.net\/wp-content\/uploads\/2021\/11\/gefaltetes_buch_alles_gute_herz_blume_mama.jpg\" data-link=\"https:\/\/buechervielfalt.net\/index.php\/online-shop\/gefaltetes_buch_alles_gute_herz_blume_mama\/\" class=\"wp-image-983\" srcset=\"https:\/\/buechervielfalt.net\/wp-content\/uploads\/2021\/11\/gefaltetes_buch_alles_gute_herz_blume_mama.jpg 707w, https:\/\/buechervielfalt.net\/wp-content\/uploads\/2021\/11\/gefaltetes_buch_alles_gute_herz_blume_mama-257x300.jpg 257w\" sizes=\"auto, (max-width: 707px) 100vw, 707px\" \/><figcaption class=\"blocks-gallery-item__caption\">Doppelherz mit Tulpe \u20ac 75,-<\/figcaption><\/figure><\/li><li class=\"blocks-gallery-item\"><figure><img loading=\"lazy\" decoding=\"async\" width=\"655\" height=\"860\" src=\"https:\/\/buechervielfalt.net\/wp-content\/uploads\/2021\/11\/gefaltetes_buch_eweinglas_guter_jahrgang.jpg\" alt=\"\" data-id=\"985\" data-full-url=\"https:\/\/buechervielfalt.net\/wp-content\/uploads\/2021\/11\/gefaltetes_buch_eweinglas_guter_jahrgang.jpg\" data-link=\"https:\/\/buechervielfalt.net\/index.php\/online-shop\/gefaltetes_buch_eweinglas_guter_jahrgang\/\" class=\"wp-image-985\" srcset=\"https:\/\/buechervielfalt.net\/wp-content\/uploads\/2021\/11\/gefaltetes_buch_eweinglas_guter_jahrgang.jpg 655w, https:\/\/buechervielfalt.net\/wp-content\/uploads\/2021\/11\/gefaltetes_buch_eweinglas_guter_jahrgang-228x300.jpg 228w\" sizes=\"auto, (max-width: 655px) 100vw, 655px\" \/><figcaption class=\"blocks-gallery-item__caption\">Weinglas \u20ac 65,-<\/figcaption><\/figure><\/li><li class=\"blocks-gallery-item\"><figure><img loading=\"lazy\" decoding=\"async\" width=\"668\" height=\"782\" src=\"https:\/\/buechervielfalt.net\/wp-content\/uploads\/2021\/11\/gefaltetes_buch_berge_fahrrad_geschenk_geburtstag.jpg\" alt=\"\" data-id=\"984\" data-full-url=\"https:\/\/buechervielfalt.net\/wp-content\/uploads\/2021\/11\/gefaltetes_buch_berge_fahrrad_geschenk_geburtstag.jpg\" data-link=\"https:\/\/buechervielfalt.net\/index.php\/online-shop\/gefaltetes_buch_berge_fahrrad_geschenk_geburtstag\/\" class=\"wp-image-984\" srcset=\"https:\/\/buechervielfalt.net\/wp-content\/uploads\/2021\/11\/gefaltetes_buch_berge_fahrrad_geschenk_geburtstag.jpg 668w, https:\/\/buechervielfalt.net\/wp-content\/uploads\/2021\/11\/gefaltetes_buch_berge_fahrrad_geschenk_geburtstag-256x300.jpg 256w\" sizes=\"auto, (max-width: 668px) 100vw, 668px\" \/><figcaption class=\"blocks-gallery-item__caption\">Gebirge \u20ac 75,-<\/figcaption><\/figure><\/li><\/ul><\/figure>\n\n\n\n<div class=\"wp-block-buttons is-content-justification-center is-layout-flex wp-block-buttons-is-layout-flex\">\n<div class=\"wp-block-button is-style-secondary\"><a class=\"wp-block-button__link\" href=\"https:\/\/buechervielfalt.net\/index.php\/kontakt\/\" target=\"_blank\" rel=\"noreferrer noopener\">ich m\u00f6chte ein buch kaufen<\/a><\/div>\n<\/div>\n\n\n\n<h2 class=\"wp-block-heading\">Familie und Freunde<\/h2>\n\n\n\n<figure class=\"wp-block-gallery columns-3 is-cropped wp-block-gallery-5 is-layout-flex wp-block-gallery-is-layout-flex\"><ul class=\"blocks-gallery-grid\"><li class=\"blocks-gallery-item\"><figure><img loading=\"lazy\" decoding=\"async\" width=\"518\" height=\"690\" src=\"https:\/\/buechervielfalt.net\/wp-content\/uploads\/2021\/11\/gefaltetes_buch_freunde_sterne_immer_da.jpg\" alt=\"\" data-id=\"988\" data-full-url=\"https:\/\/buechervielfalt.net\/wp-content\/uploads\/2021\/11\/gefaltetes_buch_freunde_sterne_immer_da.jpg\" data-link=\"https:\/\/buechervielfalt.net\/index.php\/online-shop\/gefaltetes_buch_freunde_sterne_immer_da\/\" class=\"wp-image-988\" srcset=\"https:\/\/buechervielfalt.net\/wp-content\/uploads\/2021\/11\/gefaltetes_buch_freunde_sterne_immer_da.jpg 518w, https:\/\/buechervielfalt.net\/wp-content\/uploads\/2021\/11\/gefaltetes_buch_freunde_sterne_immer_da-225x300.jpg 225w\" sizes=\"auto, (max-width: 518px) 100vw, 518px\" \/><figcaption class=\"blocks-gallery-item__caption\">Freundschaft \u20ac 80,-<\/figcaption><\/figure><\/li><li class=\"blocks-gallery-item\"><figure><img loading=\"lazy\" decoding=\"async\" width=\"581\" height=\"774\" src=\"https:\/\/buechervielfalt.net\/wp-content\/uploads\/2021\/11\/gefaltetes_buch_katzen_freundschaft.jpg\" alt=\"\" data-id=\"989\" data-full-url=\"https:\/\/buechervielfalt.net\/wp-content\/uploads\/2021\/11\/gefaltetes_buch_katzen_freundschaft.jpg\" data-link=\"https:\/\/buechervielfalt.net\/index.php\/online-shop\/gefaltetes_buch_katzen_freundschaft\/\" class=\"wp-image-989\" srcset=\"https:\/\/buechervielfalt.net\/wp-content\/uploads\/2021\/11\/gefaltetes_buch_katzen_freundschaft.jpg 581w, https:\/\/buechervielfalt.net\/wp-content\/uploads\/2021\/11\/gefaltetes_buch_katzen_freundschaft-225x300.jpg 225w\" sizes=\"auto, (max-width: 581px) 100vw, 581px\" \/><figcaption class=\"blocks-gallery-item__caption\">Geschwisterliebe \u20ac 80,-<\/figcaption><\/figure><\/li><li class=\"blocks-gallery-item\"><figure><img loading=\"lazy\" decoding=\"async\" width=\"631\" height=\"841\" src=\"https:\/\/buechervielfalt.net\/wp-content\/uploads\/2021\/11\/gefaltetes_buch_geschwungene_herzen_led.jpg\" alt=\"\" data-id=\"987\" data-full-url=\"https:\/\/buechervielfalt.net\/wp-content\/uploads\/2021\/11\/gefaltetes_buch_geschwungene_herzen_led.jpg\" data-link=\"https:\/\/buechervielfalt.net\/index.php\/online-shop\/gefaltetes_buch_geschwungene_herzen_led\/\" class=\"wp-image-987\" srcset=\"https:\/\/buechervielfalt.net\/wp-content\/uploads\/2021\/11\/gefaltetes_buch_geschwungene_herzen_led.jpg 631w, https:\/\/buechervielfalt.net\/wp-content\/uploads\/2021\/11\/gefaltetes_buch_geschwungene_herzen_led-225x300.jpg 225w\" sizes=\"auto, (max-width: 631px) 100vw, 631px\" \/><figcaption class=\"blocks-gallery-item__caption\">Doppelherz mit Licht \u20ac 80,-<\/figcaption><\/figure><\/li><\/ul><\/figure>\n\n\n\n<div class=\"wp-block-buttons is-content-justification-center is-layout-flex wp-block-buttons-is-layout-flex\">\n<div class=\"wp-block-button is-style-secondary\"><a class=\"wp-block-button__link\" href=\"https:\/\/buechervielfalt.net\/index.php\/kontakt\/\" target=\"_blank\" rel=\"noreferrer noopener\">ich m\u00f6chte ein buch kaufen<\/a><\/div>\n<\/div>\n\n\n\n<h2 class=\"wp-block-heading\">Heimat<\/h2>\n\n\n\n<figure class=\"wp-block-gallery columns-3 is-cropped wp-block-gallery-6 is-layout-flex wp-block-gallery-is-layout-flex\"><ul class=\"blocks-gallery-grid\"><li class=\"blocks-gallery-item\"><figure><img loading=\"lazy\" decoding=\"async\" width=\"734\" height=\"900\" src=\"https:\/\/buechervielfalt.net\/wp-content\/uploads\/2021\/11\/gefaltetes_buch_tiroleradler.jpg\" alt=\"\" data-id=\"992\" data-full-url=\"https:\/\/buechervielfalt.net\/wp-content\/uploads\/2021\/11\/gefaltetes_buch_tiroleradler.jpg\" data-link=\"https:\/\/buechervielfalt.net\/index.php\/online-shop\/gefaltetes_buch_tiroleradler\/\" class=\"wp-image-992\" srcset=\"https:\/\/buechervielfalt.net\/wp-content\/uploads\/2021\/11\/gefaltetes_buch_tiroleradler.jpg 734w, https:\/\/buechervielfalt.net\/wp-content\/uploads\/2021\/11\/gefaltetes_buch_tiroleradler-245x300.jpg 245w\" sizes=\"auto, (max-width: 734px) 100vw, 734px\" \/><figcaption class=\"blocks-gallery-item__caption\">Tiroler Adler \u20ac 80,-<\/figcaption><\/figure><\/li><li class=\"blocks-gallery-item\"><figure><img loading=\"lazy\" decoding=\"async\" width=\"713\" height=\"949\" src=\"https:\/\/buechervielfalt.net\/wp-content\/uploads\/2021\/11\/gefaltetes_buch_home_sweet_home_haus.jpg\" alt=\"\" data-id=\"991\" data-full-url=\"https:\/\/buechervielfalt.net\/wp-content\/uploads\/2021\/11\/gefaltetes_buch_home_sweet_home_haus.jpg\" data-link=\"https:\/\/buechervielfalt.net\/index.php\/online-shop\/gefaltetes_buch_home_sweet_home_haus\/\" class=\"wp-image-991\" srcset=\"https:\/\/buechervielfalt.net\/wp-content\/uploads\/2021\/11\/gefaltetes_buch_home_sweet_home_haus.jpg 713w, https:\/\/buechervielfalt.net\/wp-content\/uploads\/2021\/11\/gefaltetes_buch_home_sweet_home_haus-225x300.jpg 225w\" sizes=\"auto, (max-width: 713px) 100vw, 713px\" \/><figcaption class=\"blocks-gallery-item__caption\">Home Sweet Home \u20ac 55,-<\/figcaption><\/figure><\/li><li class=\"blocks-gallery-item\"><figure><img loading=\"lazy\" decoding=\"async\" width=\"675\" height=\"900\" src=\"https:\/\/buechervielfalt.net\/wp-content\/uploads\/2021\/11\/gefaltetes_buch_andreas_hofer_tirol_1809.jpg\" alt=\"\" data-id=\"990\" data-full-url=\"https:\/\/buechervielfalt.net\/wp-content\/uploads\/2021\/11\/gefaltetes_buch_andreas_hofer_tirol_1809.jpg\" data-link=\"https:\/\/buechervielfalt.net\/index.php\/online-shop\/gefaltetes_buch_andreas_hofer_tirol_1809\/\" class=\"wp-image-990\" srcset=\"https:\/\/buechervielfalt.net\/wp-content\/uploads\/2021\/11\/gefaltetes_buch_andreas_hofer_tirol_1809.jpg 675w, https:\/\/buechervielfalt.net\/wp-content\/uploads\/2021\/11\/gefaltetes_buch_andreas_hofer_tirol_1809-225x300.jpg 225w\" sizes=\"auto, (max-width: 675px) 100vw, 675px\" \/><figcaption class=\"blocks-gallery-item__caption\">Andreas Hofer \u20ac 60,-<\/figcaption><\/figure><\/li><\/ul><\/figure>\n\n\n\n<div class=\"wp-block-buttons is-content-justification-center is-layout-flex wp-block-buttons-is-layout-flex\">\n<div class=\"wp-block-button is-style-secondary\"><a class=\"wp-block-button__link\" href=\"https:\/\/buechervielfalt.net\/index.php\/kontakt\/\" target=\"_blank\" rel=\"noreferrer noopener\">ich m\u00f6chte ein buch kaufen<\/a><\/div>\n<\/div>\n\n\n\n<h2 class=\"wp-block-heading\">Trauer<\/h2>\n\n\n\n<figure class=\"wp-block-gallery columns-3 is-cropped wp-block-gallery-7 is-layout-flex wp-block-gallery-is-layout-flex\"><ul class=\"blocks-gallery-grid\"><li class=\"blocks-gallery-item\"><figure><img loading=\"lazy\" decoding=\"async\" width=\"638\" height=\"796\" src=\"https:\/\/buechervielfalt.net\/wp-content\/uploads\/2021\/11\/gefaltetes_buch_trauer_kerze.jpg\" alt=\"\" data-id=\"993\" data-full-url=\"https:\/\/buechervielfalt.net\/wp-content\/uploads\/2021\/11\/gefaltetes_buch_trauer_kerze.jpg\" data-link=\"https:\/\/buechervielfalt.net\/index.php\/online-shop\/gefaltetes_buch_trauer_kerze\/\" class=\"wp-image-993\" srcset=\"https:\/\/buechervielfalt.net\/wp-content\/uploads\/2021\/11\/gefaltetes_buch_trauer_kerze.jpg 638w, https:\/\/buechervielfalt.net\/wp-content\/uploads\/2021\/11\/gefaltetes_buch_trauer_kerze-240x300.jpg 240w\" sizes=\"auto, (max-width: 638px) 100vw, 638px\" \/><figcaption class=\"blocks-gallery-item__caption\">Trauerbuch \u20ac 85,-<\/figcaption><\/figure><\/li><li class=\"blocks-gallery-item\"><figure><img loading=\"lazy\" decoding=\"async\" width=\"534\" height=\"681\" src=\"https:\/\/buechervielfalt.net\/wp-content\/uploads\/2021\/11\/gefaltetes_buch_pusteblume_unvergessen_trauer.jpg\" alt=\"\" data-id=\"996\" data-full-url=\"https:\/\/buechervielfalt.net\/wp-content\/uploads\/2021\/11\/gefaltetes_buch_pusteblume_unvergessen_trauer.jpg\" data-link=\"https:\/\/buechervielfalt.net\/index.php\/online-shop\/gefaltetes_buch_pusteblume_unvergessen_trauer\/\" class=\"wp-image-996\" srcset=\"https:\/\/buechervielfalt.net\/wp-content\/uploads\/2021\/11\/gefaltetes_buch_pusteblume_unvergessen_trauer.jpg 534w, https:\/\/buechervielfalt.net\/wp-content\/uploads\/2021\/11\/gefaltetes_buch_pusteblume_unvergessen_trauer-235x300.jpg 235w\" sizes=\"auto, (max-width: 534px) 100vw, 534px\" \/><figcaption class=\"blocks-gallery-item__caption\">Unvergessen \u20ac 70,-<\/figcaption><\/figure><\/li><li class=\"blocks-gallery-item\"><figure><img loading=\"lazy\" decoding=\"async\" width=\"597\" height=\"685\" src=\"https:\/\/buechervielfalt.net\/wp-content\/uploads\/2021\/11\/gefaltetes_buch_trauer_mama_ich_vermisse_dich.jpg\" alt=\"\" data-id=\"995\" data-full-url=\"https:\/\/buechervielfalt.net\/wp-content\/uploads\/2021\/11\/gefaltetes_buch_trauer_mama_ich_vermisse_dich.jpg\" data-link=\"https:\/\/buechervielfalt.net\/index.php\/online-shop\/gefaltetes_buch_trauer_mama_ich_vermisse_dich\/\" class=\"wp-image-995\" srcset=\"https:\/\/buechervielfalt.net\/wp-content\/uploads\/2021\/11\/gefaltetes_buch_trauer_mama_ich_vermisse_dich.jpg 597w, https:\/\/buechervielfalt.net\/wp-content\/uploads\/2021\/11\/gefaltetes_buch_trauer_mama_ich_vermisse_dich-261x300.jpg 261w\" sizes=\"auto, (max-width: 597px) 100vw, 597px\" \/><figcaption class=\"blocks-gallery-item__caption\">Herz und Schmetterlinge \u20ac 80,-<\/figcaption><\/figure><\/li><\/ul><\/figure>\n\n\n\n<div class=\"wp-block-buttons is-content-justification-center is-layout-flex wp-block-buttons-is-layout-flex\">\n<div class=\"wp-block-button is-style-secondary\"><a class=\"wp-block-button__link\" href=\"https:\/\/buechervielfalt.net\/index.php\/kontakt\/\" target=\"_blank\" rel=\"noreferrer noopener\">ich m\u00f6chte ein buch kaufen<\/a><\/div>\n<\/div>\n","protected":false},"excerpt":{"rendered":"<p>Um eine ungef\u00e4hre Vorstellung zu bekommen, was meine B\u00fccher kosten, sind hier die beliebtesten meiner Werke inklusive Preis zu sehen. Wenn dir ein Buch aus der Galerie besonders gut gef\u00e4llt, das hier im Shop nicht aufgelistet ist, dann schick mir gerne eine Nachricht und ich gebe dir n\u00e4here Ausk\u00fcnfte \u00fcber die Kosten. Selbstverst\u00e4ndlich kann ich&hellip;&nbsp;<a href=\"https:\/\/buechervielfalt.net\/index.php\/online-shop\/\" class=\"\" rel=\"bookmark\">Weiterlesen &raquo;<span class=\"screen-reader-text\">Online Shop<\/span><\/a><\/p>\n","protected":false},"author":1,"featured_media":0,"parent":0,"menu_order":0,"comment_status":"closed","ping_status":"closed","template":"","meta":{"neve_meta_sidebar":"","neve_meta_container":"","neve_meta_enable_content_width":"","neve_meta_content_width":0,"neve_meta_title_alignment":"","neve_meta_author_avatar":"","neve_post_elements_order":"","neve_meta_disable_header":"","neve_meta_disable_footer":"","neve_meta_disable_title":"","ngg_post_thumbnail":0,"footnotes":""},"class_list":["post-59","page","type-page","status-publish","hentry"],"_links":{"self":[{"href":"https:\/\/buechervielfalt.net\/index.php\/wp-json\/wp\/v2\/pages\/59","targetHints":{"allow":["GET"]}}],"collection":[{"href":"https:\/\/buechervielfalt.net\/index.php\/wp-json\/wp\/v2\/pages"}],"about":[{"href":"https:\/\/buechervielfalt.net\/index.php\/wp-json\/wp\/v2\/types\/page"}],"author":[{"embeddable":true,"href":"https:\/\/buechervielfalt.net\/index.php\/wp-json\/wp\/v2\/users\/1"}],"replies":[{"embeddable":true,"href":"https:\/\/buechervielfalt.net\/index.php\/wp-json\/wp\/v2\/comments?post=59"}],"version-history":[{"count":18,"href":"https:\/\/buechervielfalt.net\/index.php\/wp-json\/wp\/v2\/pages\/59\/revisions"}],"predecessor-version":[{"id":1018,"href":"https:\/\/buechervielfalt.net\/index.php\/wp-json\/wp\/v2\/pages\/59\/revisions\/1018"}],"wp:attachment":[{"href":"https:\/\/buechervielfalt.net\/index.php\/wp-json\/wp\/v2\/media?parent=59"}],"curies":[{"name":"wp","href":"https:\/\/api.w.org\/{rel}","templated":true}]}}