{"id":816,"date":"2021-04-22T13:14:56","date_gmt":"2021-04-22T13:14:56","guid":{"rendered":"https:\/\/k23410.kufnet.at\/?page_id=816"},"modified":"2021-04-22T13:45:43","modified_gmt":"2021-04-22T13:45:43","slug":"hallo-bei-buechervielfalt","status":"publish","type":"page","link":"https:\/\/buechervielfalt.net\/","title":{"rendered":"Hallo bei B\u00fcchervielFALT!"},"content":{"rendered":"\n<div class=\"wp-block-image\"><figure class=\"aligncenter size-large\"><img loading=\"lazy\" decoding=\"async\" width=\"1024\" height=\"241\" src=\"https:\/\/buechervielfalt.net\/wp-content\/uploads\/2021\/03\/cropped-HPHeader3-scaled-1-1024x241.jpg\" alt=\"\" class=\"wp-image-24\" srcset=\"https:\/\/buechervielfalt.net\/wp-content\/uploads\/2021\/03\/cropped-HPHeader3-scaled-1-1024x241.jpg 1024w, https:\/\/buechervielfalt.net\/wp-content\/uploads\/2021\/03\/cropped-HPHeader3-scaled-1-300x71.jpg 300w, https:\/\/buechervielfalt.net\/wp-content\/uploads\/2021\/03\/cropped-HPHeader3-scaled-1-768x181.jpg 768w, https:\/\/buechervielfalt.net\/wp-content\/uploads\/2021\/03\/cropped-HPHeader3-scaled-1-1536x362.jpg 1536w, https:\/\/buechervielfalt.net\/wp-content\/uploads\/2021\/03\/cropped-HPHeader3-scaled-1.jpg 2000w\" sizes=\"auto, (max-width: 1024px) 100vw, 1024px\" \/><\/figure><\/div>\n\n\n\n<p class=\"has-text-align-left\">Ich freue mich \u00fcber deinen Besuch. Wenn du ein gefaltetes Buch kaufen m\u00f6chtest oder dir einige Werke meiner Buchfaltkunst ansehen m\u00f6chtest, bist du hier genau richtig. Ich zeige dir viele meiner bisher gefalteten B\u00fccher und hoffe, sie gefallen dir.&nbsp;<\/p>\n\n\n\n<p class=\"has-text-align-left\">Sieh dich in der Galerie um oder bestelle gleich direkt im Online Shop. Wenn du eine eigene Idee f\u00fcr ein Motiv hast, kannst du mir gerne eine Nachricht \u00fcber das Kontaktformular oder den unten stehenden Button schicken. Gemeinsam finden wir sicher auch ein passendes Motiv f\u00fcr dich. Denn mit einem gefalteten Buch hast du immer ein individuelles und au\u00dfergew\u00f6hnliches Geschenk f\u00fcr jeden Anlass.<\/p>\n\n\n\n<p class=\"has-text-align-left\">Ich w\u00fcrde mich freuen, von dir zu h\u00f6ren bzw. lesen!<\/p>\n\n\n\n<div class=\"wp-block-buttons is-layout-flex wp-block-buttons-is-layout-flex\">\n<div class=\"wp-block-button\"><a class=\"wp-block-button__link\" href=\"https:\/\/buechervielfalt.net\/index.php\/kontakt\/\">Ich m\u00f6chte ein gefaltetes Buch kaufen!<\/a><\/div>\n<\/div>\n\n\n\n<p><\/p>\n","protected":false},"excerpt":{"rendered":"<p>Ich freue mich \u00fcber deinen Besuch. Wenn du ein gefaltetes Buch kaufen m\u00f6chtest oder dir einige Werke meiner Buchfaltkunst ansehen m\u00f6chtest, bist du hier genau richtig. Ich zeige dir viele meiner bisher gefalteten B\u00fccher und hoffe, sie gefallen dir.&nbsp; Sieh dich in der Galerie um oder bestelle gleich direkt im Online Shop. Wenn du eine&hellip;&nbsp;<a href=\"https:\/\/buechervielfalt.net\/\" class=\"\" rel=\"bookmark\">Weiterlesen &raquo;<span class=\"screen-reader-text\">Hallo bei B\u00fcchervielFALT!<\/span><\/a><\/p>\n","protected":false},"author":1,"featured_media":0,"parent":0,"menu_order":0,"comment_status":"closed","ping_status":"closed","template":"","meta":{"neve_meta_sidebar":"full-width","neve_meta_container":"","neve_meta_enable_content_width":"on","neve_meta_content_width":100,"neve_meta_title_alignment":"","neve_meta_author_avatar":"","neve_post_elements_order":"","neve_meta_disable_header":"","neve_meta_disable_footer":"","neve_meta_disable_title":"","ngg_post_thumbnail":0,"footnotes":""},"class_list":["post-816","page","type-page","status-publish","hentry"],"_links":{"self":[{"href":"https:\/\/buechervielfalt.net\/index.php\/wp-json\/wp\/v2\/pages\/816","targetHints":{"allow":["GET"]}}],"collection":[{"href":"https:\/\/buechervielfalt.net\/index.php\/wp-json\/wp\/v2\/pages"}],"about":[{"href":"https:\/\/buechervielfalt.net\/index.php\/wp-json\/wp\/v2\/types\/page"}],"author":[{"embeddable":true,"href":"https:\/\/buechervielfalt.net\/index.php\/wp-json\/wp\/v2\/users\/1"}],"replies":[{"embeddable":true,"href":"https:\/\/buechervielfalt.net\/index.php\/wp-json\/wp\/v2\/comments?post=816"}],"version-history":[{"count":9,"href":"https:\/\/buechervielfalt.net\/index.php\/wp-json\/wp\/v2\/pages\/816\/revisions"}],"predecessor-version":[{"id":833,"href":"https:\/\/buechervielfalt.net\/index.php\/wp-json\/wp\/v2\/pages\/816\/revisions\/833"}],"wp:attachment":[{"href":"https:\/\/buechervielfalt.net\/index.php\/wp-json\/wp\/v2\/media?parent=816"}],"curies":[{"name":"wp","href":"https:\/\/api.w.org\/{rel}","templated":true}]}}